{"id":2,"date":"2024-11-28T19:59:07","date_gmt":"2024-11-28T19:59:07","guid":{"rendered":"http:\/\/capfiscalmexico.com.mx\/dip-can-mer\/?page_id=2"},"modified":"2025-11-22T05:18:12","modified_gmt":"2025-11-22T05:18:12","slug":"ciudades","status":"publish","type":"page","link":"http:\/\/capfiscalmexico.com.mx\/dip-can-mer\/ciudades\/","title":{"rendered":"Ciudades"},"content":{"rendered":"\n<!DOCTYPE html>\n<html lang=\"es\">\n\n<head>\n    <meta charset=\"UTF-8\">\n    <meta name=\"viewport\" content=\"width=device-width, initial-scale=1.0\">\n    <title>Ciudades<\/title>\n    <style>\n        body {\n            margin: 0;\n            font-family: Arial, sans-serif;\n            background: #000000;\n        }\n\n        .container {\n            max-width: 100%;\n            margin: 0 auto;\n            padding: 20px;\n            color: white;\n        }\n\n        .header {\n            text-align: justify;\n            padding: 5px 0;\n        }\n\n        .header img {\n            max-width: 50%;\n            height: auto;\n        }\n\n        .content {\n            display: flex;\n            justify-content: space-between;\n            align-items: stretch;\n            padding: 20px;\n            margin: 20px 0;\n            flex-wrap: wrap;\n            height: 100%;\n        }\n\n        .content .info,\n        .content .addr {\n            flex: 1;\n            padding: 10px;\n            box-sizing: border-box;\n        }\n\n        .content .info {\n            text-align: center;\n            display: flex;\n            flex: 0 0 25%;\n            flex-direction: column;\n            justify-content: center;\n            align-items: center;\n            padding: 10px;\n            box-sizing: border-box;\n            max-height: 100%;\n        }\n\n        .content .addr {\n            text-align: center;\n            max-height: 100%;\n            display: flex;\n            flex-direction: column;\n            flex: 0 0 75%;\n        }\n\n        .content h2 {\n            margin-top: 0;\n            border-bottom: 2px solid white;\n            display: inline-block;\n            padding-bottom: 5px;\n            font-size: 60px;\n        }\n\n        .content h3 {\n            font-size: 24px;\n        }\n\n        .dates p {\n            margin: 5px 0;\n            font-size: 20px;\n        }\n\n        .map {\n            text-align: center;\n            margin: 20px 0;\n        }\n\n        .map iframe {\n            width: 95%;\n            height: 600px;\n            border: none;\n        }\n\n        @media (max-width: 1030px) {\n            .container {\n                padding: 0;\n                max-width: 100%;\n                margin: 0 auto;\n            }\n\n            .header {\n                text-align: center;\n            }\n\n            .header img {\n                max-width: 90%;\n                height: auto;\n                margin: 0 auto;\n                display: block;\n            }\n\n            .content {\n                display: flex;\n                flex-direction: column;\n                max-width: 100%;\n                height: auto;\n                padding: 1%;\n                margin: 0 auto;\n            }\n\n            .content .info,\n            .content .addr {\n                width: 100%;\n                margin: 0 auto;\n                text-align: center;\n            }\n\n            .content h2 {\n                font-size: 38px;\n            }\n\n            .content h3 {\n                font-size: 17px;\n            }\n\n            .dates p {\n                font-size: 16px;\n            }\n\n            .map iframe {\n                height: 600px;\n                width: 100%;\n            }\n        }\n    <\/style>\n<\/head>\n\n<body>\n    <div class=\"container\"\n        style=\"background: url('http:\/\/capfiscalmexico.com.mx\/wp-content\/uploads\/2025\/11\/CANCUN.png') no-repeat center center\/cover;\">\n        <div class=\"header\">\n            <img decoding=\"async\" src=\"http:\/\/capfiscalmexico.com.mx\/wp-content\/uploads\/2025\/11\/BANNER-CANCUN.png\"\n                alt=\"Canc\u00fan 16 a 21 hras cupo limitado\">\n        <\/div>\n        <div class=\"content\">\n            <div class=\"info\">\n                <h2>SMART BY OASIS<\/h2>\n                <div class=\"dates\">\n                    <p>ENERO: 07, 14, 21, 28<\/p>\n                    <p>FEBRERO: 04, 11, 18, 25<\/p>\n                    <p>MARZO: 04, <strong style=\"color: #D2BB82;\">10*<\/strong><\/p>\n                <\/div>\n                <h3>Av. Tulum 4<br>Capilla Ecumenica, 77500<br>Canc\u00fan, Qroo.<\/h3>\n            <\/div>\n            <div class=\"addr\">\n                <h3>C\u00d3MO LLEGAR<\/h3>\n                <div class=\"map\">\n                    <iframe src=\"https:\/\/www.google.com\/maps\/embed?pb=!1m18!1m12!1m3!1d3720.94417063263!2d-86.82734942443851!3d21.154619980526334!2m3!1f0!2f0!3f0!3m2!1i1024!2i768!4f13.1!3m3!1m2!1s0x8f4c2bfef4595707%3A0xc15203763ab83793!2sSmart%20Cancun%20The%20Urban%20Oasis!5e0!3m2!1ses!2smx!4v1733353465031!5m2!1ses!2smx\"\n                        allowfullscreen=\"\" loading=\"lazy\"><\/iframe>\n                <\/div>\n            <\/div>\n        <\/div>\n    <\/div>\n\n    <div class=\"container\"\n        style=\"background: url('http:\/\/capfiscalmexico.com.mx\/wp-content\/uploads\/2025\/11\/MERIDA.png') no-repeat center center\/cover;\">\n        <div class=\"header\">\n            <img decoding=\"async\" src=\"http:\/\/capfiscalmexico.com.mx\/wp-content\/uploads\/2025\/11\/BANNER-MERIDA.png\"\n                alt=\"M\u00e9rida 16 a 21 hras cupo limitado\">\n        <\/div>\n        <div class=\"content\">\n            <div class=\"info\">\n                <h2>Holiday Inn<\/h2>\n                <div class=\"dates\">\n                    <p>ENERO: 08, 15, 22, 29<\/p>\n                    <p>FEBRERO: 05, 12, 19, 26<\/p>\n                    <p>MARZO: 05, <strong style=\"color: #D2BB82;\">09*<\/strong><\/p>\n                <\/div>\n                <h3>Av. Col\u00f3n 498<br>Zona Paseo Montejo, Centro, 97000<br>M\u00e9rida, Yuc.<\/h3>\n            <\/div>\n            <div class=\"addr\">\n                <h3>C\u00d3MO LLEGAR<\/h3>\n                <div class=\"map\">\n                    <iframe\n                        src=\"https:\/\/www.google.com\/maps\/embed?pb=!1m18!1m12!1m3!1d5268.187588077989!2d-89.62208510214927!3d20.98577471247219!2m3!1f0!2f0!3f0!3m2!1i1024!2i768!4f13.1!3m3!1m2!1s0x8f56715a07fb55c5%3A0xe1eadaebc91635ac!2sHoliday%20Inn%20Merida%2C%20an%20IHG%20Hotel!5e0!3m2!1ses!2smx!4v1733354961108!5m2!1ses!\"\n                        allowfullscreen=\"\" loading=\"lazy\"><\/iframe>\n                <\/div>\n            <\/div>\n        <\/div>\n    <\/div>\n<\/body>\n\n<\/html>\n","protected":false},"excerpt":{"rendered":"<p>Ciudades SMART BY OASIS ENERO: 07, 14, 21, 28 FEBRERO: 04, 11, 18, 25 MARZO: 04, 10* Av. Tulum 4Capilla Ecumenica, 77500Canc\u00fan, Qroo. C\u00d3MO LLEGAR Holiday Inn ENERO: 08, 15, 22, 29 FEBRERO: 05, 12, 19, 26 MARZO: 05, 09* Av. Col\u00f3n 498Zona Paseo Montejo, Centro, 97000M\u00e9rida, Yuc. C\u00d3MO LLEGAR<\/p>\n","protected":false},"author":1,"featured_media":0,"parent":0,"menu_order":0,"comment_status":"closed","ping_status":"closed","template":"","meta":{"footnotes":""},"class_list":["post-2","page","type-page","status-publish","hentry"],"_links":{"self":[{"href":"http:\/\/capfiscalmexico.com.mx\/dip-can-mer\/wp-json\/wp\/v2\/pages\/2","targetHints":{"allow":["GET"]}}],"collection":[{"href":"http:\/\/capfiscalmexico.com.mx\/dip-can-mer\/wp-json\/wp\/v2\/pages"}],"about":[{"href":"http:\/\/capfiscalmexico.com.mx\/dip-can-mer\/wp-json\/wp\/v2\/types\/page"}],"author":[{"embeddable":true,"href":"http:\/\/capfiscalmexico.com.mx\/dip-can-mer\/wp-json\/wp\/v2\/users\/1"}],"replies":[{"embeddable":true,"href":"http:\/\/capfiscalmexico.com.mx\/dip-can-mer\/wp-json\/wp\/v2\/comments?post=2"}],"version-history":[{"count":5,"href":"http:\/\/capfiscalmexico.com.mx\/dip-can-mer\/wp-json\/wp\/v2\/pages\/2\/revisions"}],"predecessor-version":[{"id":164,"href":"http:\/\/capfiscalmexico.com.mx\/dip-can-mer\/wp-json\/wp\/v2\/pages\/2\/revisions\/164"}],"wp:attachment":[{"href":"http:\/\/capfiscalmexico.com.mx\/dip-can-mer\/wp-json\/wp\/v2\/media?parent=2"}],"curies":[{"name":"wp","href":"https:\/\/api.w.org\/{rel}","templated":true}]}}