{"id":2,"date":"2024-12-07T02:28:54","date_gmt":"2024-12-07T02:28:54","guid":{"rendered":"http:\/\/capfiscalmexico.com.mx\/dip-qro-tol-slp\/?page_id=2"},"modified":"2025-12-23T21:34:23","modified_gmt":"2025-12-23T21:34:23","slug":"ciudades","status":"publish","type":"page","link":"http:\/\/capfiscalmexico.com.mx\/dip-qro-tol-slp\/ciudades\/","title":{"rendered":"Ciudades"},"content":{"rendered":"\n<!DOCTYPE html>\n<html lang=\"es\">\n\n<head>\n    <meta charset=\"UTF-8\">\n    <meta name=\"viewport\" content=\"width=device-width, initial-scale=1.0\">\n    <title>Ciudades<\/title>\n    <style>\n        body {\n            margin: 0;\n            font-family: Arial, sans-serif;\n            background: #000000;\n        }\n\n        .container {\n            max-width: 100%;\n            margin: 0 auto;\n            padding: 20px;\n            color: white;\n            \/* Asegura que el texto sea blanco *\/\n        }\n\n        .header {\n            text-align: justify;\n            padding: 5px 0;\n        }\n\n        .header img {\n            max-width: 50%;\n            height: auto;\n        }\n\n        .content {\n            display: flex;\n            justify-content: space-between;\n            align-items: stretch;\n            padding: 20px;\n            margin: 20px 0;\n            flex-wrap: wrap;\n            height: 100%;\n        }\n\n        .content .info,\n        .content .addr {\n            flex: 1;\n            padding: 10px;\n            box-sizing: border-box;\n        }\n\n        \/* Espaciado entre las secciones en dispositivos grandes *\/\n        .content .info {\n            text-align: center;\n            display: flex;\n            flex: 0 0 30%;\n            flex-direction: column;\n            justify-content: center;\n            align-items: center;\n            padding: 10px;\n            box-sizing: border-box;\n            max-height: 100%;\n        }\n\n        .content .addr {\n            text-align: center;\n            max-height: 100%;\n            display: flex;\n            flex-direction: column;\n            flex: 0 0 70%;\n        }\n\n        .content h2 {\n            margin-top: 0;\n            border-bottom: 2px solid white;\n            display: inline-block;\n            padding-bottom: 5px;\n            font-size: 60px;\n        }\n\n        .content h3 {\n            font-size: 24px;\n        }\n\n        .dates p {\n            margin: 5px 0;\n            font-size: 20px;\n            font-weight: bold;\n        }\n\n        .map {\n            text-align: center;\n            margin: 20px 0;\n        }\n\n        .map iframe {\n            width: 95%;\n            height: 600px;\n            border: none;\n        }\n\n        @media (max-width: 950px) {\n            .container {\n                padding: 0;\n                max-width: 100%;\n                margin: 0 auto;\n            }\n\n            .header {\n                text-align: center;\n            }\n\n            .header img {\n                max-width: 90%;\n                height: auto;\n                margin: 0 auto;\n                display: block;\n            }\n\n            .content {\n                display: flex;\n                flex-direction: column;\n                max-width: 100%;\n                height: auto;\n                padding: 1%;\n                margin: 0 auto;\n            }\n\n            .content .info,\n            .content .addr {\n                width: 100%;\n                margin: 0 auto;\n                text-align: center;\n            }\n\n            .content h2 {\n                font-size: 38px;\n            }\n\n            .content h3 {\n                font-size: 17px;\n            }\n\n            .content .quinta{\n                color: #ffffff;\n                border-bottom: 2px solid rgb(255, 255, 255);\n            }\n\n            .dates p {\n                font-size: 16px;\n            }\n\n            .map iframe {\n                height: 600px;\n                width: 100%;\n            }\n        }\n    <\/style>\n<\/head>\n\n<body>\n    <div class=\"container\"\n        style=\"background: url('http:\/\/capfiscalmexico.com.mx\/dip-qro-tol-slp\/wp-content\/uploads\/2024\/12\/TOLUCA.png') no-repeat center center\/cover;\">\n        <div class=\"header\">\n            <img decoding=\"async\" src=\"http:\/\/capfiscalmexico.com.mx\/dip-qro-tol-slp\/wp-content\/uploads\/2024\/12\/BANNER-TOLUCA.png\"\n                alt=\"Toluca 16 a 21 hras cupo limitado\">\n        <\/div>\n        <div class=\"content\">\n            <div class=\"info\">\n                <h2>Radisson Del Rey<\/h2>\n                <div class=\"dates\">\n                    <p>ENERO: 13, 20, 27<\/p>\n                    <p>FEBRERO: 03, 10, 17, 24<\/p>\n                    <p>MARZO: 03, 10, 17<\/p>\n                <\/div>\n                <h3>Carr. M\u00e9xico &#8211; Toluca km 63.5<br>Santa Ana Tlapaltitl\u00e1n, 50160<br>Toluca, Edo. M\u00e9x.<\/h3>\n            <\/div>\n            <div class=\"addr\">\n                <h3>C\u00d3MO LLEGAR<\/h3>\n                <div class=\"map\">\n                    <iframe src=\"https:\/\/www.google.com\/maps\/embed?pb=!1m18!1m12!1m3!1d3765.889866113666!2d-99.62998472419017!3d19.287155045308545!2m3!1f0!2f0!3f0!3m2!1i1024!2i768!4f13.1!3m3!1m2!1s0x85cd8a23b4dfa083%3A0xaa29627705a64425!2sRadisson%20del%20Rey%20Toluca!5e0!3m2!1ses!2smx!4v1733785610411!5m2!1ses!2smx\"\n                        allowfullscreen=\"\" loading=\"lazy\"><\/iframe>\n                <\/div>\n            <\/div>\n        <\/div>\n    <\/div>\n\n    <div class=\"container\"\n        style=\"background: url('http:\/\/capfiscalmexico.com.mx\/dip-qro-tol-slp\/wp-content\/uploads\/2024\/12\/QUERETARO.png') no-repeat center center\/cover;\">\n        <div class=\"header\">\n            <img decoding=\"async\" src=\"http:\/\/capfiscalmexico.com.mx\/dip-qro-tol-slp\/wp-content\/uploads\/2024\/12\/BANNER-QUERETARO.png\"\n                alt=\"Quer\u00e9taro 16 a 21 hras cupo limitado\">\n        <\/div>\n        <div class=\"content\">\n            <div class=\"info\">\n                <h2>Real De Minas Tradicional<\/h2>\n                <div class=\"dates\">\n                    <p>ENERO: 14, 21, 28<\/p>\n                    <p>FEBRERO: 04, 11, 18, 25<\/p>\n                    <p>MARZO: 04, 11, 18<\/p>\n                <\/div>\n                <h3>Av. Constituyentes No. 124 Pte<br>El Jacal, 76180<br>Santiago de Quer\u00e9taro, Qro.<\/h3>\n            <\/div>\n            <div class=\"addr\">\n                <h3>C\u00d3MO LLEGAR<\/h3>\n                <div class=\"map\">\n                    <iframe\n                        src=\"https:\/\/www.google.com\/maps\/embed?pb=!1m18!1m12!1m3!1d3735.382763606696!2d-100.4089603187479!3d20.572420671613553!2m3!1f0!2f0!3f0!3m2!1i1024!2i768!4f13.1!3m3!1m2!1s0x85d3453b03420477%3A0x677d07db4512b9d4!2sHotel%20Real%20de%20Minas%20Tradicional!5e0!3m2!1ses!2smx!4v1763058049388!5m2!1ses!2smx\"\n                        allowfullscreen=\"\" loading=\"lazy\"><\/iframe>\n                <\/div>\n            <\/div>\n        <\/div>\n    <\/div>\n\n    <div class=\"container\"\n        style=\"background: url('http:\/\/capfiscalmexico.com.mx\/dip-qro-tol-slp\/wp-content\/uploads\/2024\/12\/SAN-LUIS-POTOSI.png') no-repeat center center\/cover;\">\n        <div class=\"header\">\n            <img decoding=\"async\" src=\"http:\/\/capfiscalmexico.com.mx\/dip-qro-tol-slp\/wp-content\/uploads\/2024\/12\/BANNER-SAN-LUIS-POTOSI.png\"\n                alt=\"San Luis Potos\u00ed 16 a 21 hras cupo limitado\">\n        <\/div>\n        <div class=\"content\">\n            <div class=\"info\">\n                <h2>Hotel Fiesta Inn San Luis Potos\u00ed Glorieta Ju\u00e1rez<\/h2>\n                <div class=\"dates\">\n                    <p>ENERO: 15, 22, 29<\/p>\n                    <p>FEBRERO: <strong style=\"color:#D2BB82;\">02*<\/strong>, 12, 19, 26<\/p>\n                    <p>MARZO: 05, 12, 19<\/p>\n                <\/div>\n                <h3>Av Benito Juarez 130<br>Prados Glorieta, 78390<br>San Luis Potos\u00ed, S.L.P.<\/h3>\n            <\/div>\n            <div class=\"addr\">\n                <h3>C\u00d3MO LLEGAR<\/h3>\n                <div class=\"map\">\n                    <iframe\n                        src=\"https:\/\/www.google.com\/maps\/embed?pb=!1m18!1m12!1m3!1d3695.376587537844!2d-100.95535382301476!3d22.14973274162538!2m3!1f0!2f0!3f0!3m2!1i1024!2i768!4f13.1!3m3!1m2!1s0x842aa221457e4b31%3A0x350e60f56168692c!2sFiesta%20Inn%20San%20Luis%20Potos%C3%AD%20Glorieta%20Ju%C3%A1rez!5e0!3m2!1ses!2smx!4v1763058290710!5m2!1ses!2smx\"\n                        allowfullscreen=\"\" loading=\"lazy\"><\/iframe>\n                <\/div>\n            <\/div>\n        <\/div>\n    <\/div>\n<\/body>\n\n<\/html>\n","protected":false},"excerpt":{"rendered":"<p>Ciudades Radisson Del Rey ENERO: 13, 20, 27 FEBRERO: 03, 10, 17, 24 MARZO: 03, 10, 17 Carr. M\u00e9xico &#8211; Toluca km 63.5Santa Ana Tlapaltitl\u00e1n, 50160Toluca, Edo. M\u00e9x. C\u00d3MO LLEGAR Real De Minas Tradicional ENERO: 14, 21, 28 FEBRERO: 04, 11, 18, 25 MARZO: 04, 11, 18 Av. Constituyentes No. 124 PteEl Jacal, 76180Santiago de [&hellip;]<\/p>\n","protected":false},"author":1,"featured_media":0,"parent":0,"menu_order":0,"comment_status":"closed","ping_status":"open","template":"","meta":{"footnotes":""},"class_list":["post-2","page","type-page","status-publish","hentry"],"_links":{"self":[{"href":"http:\/\/capfiscalmexico.com.mx\/dip-qro-tol-slp\/wp-json\/wp\/v2\/pages\/2","targetHints":{"allow":["GET"]}}],"collection":[{"href":"http:\/\/capfiscalmexico.com.mx\/dip-qro-tol-slp\/wp-json\/wp\/v2\/pages"}],"about":[{"href":"http:\/\/capfiscalmexico.com.mx\/dip-qro-tol-slp\/wp-json\/wp\/v2\/types\/page"}],"author":[{"embeddable":true,"href":"http:\/\/capfiscalmexico.com.mx\/dip-qro-tol-slp\/wp-json\/wp\/v2\/users\/1"}],"replies":[{"embeddable":true,"href":"http:\/\/capfiscalmexico.com.mx\/dip-qro-tol-slp\/wp-json\/wp\/v2\/comments?post=2"}],"version-history":[{"count":7,"href":"http:\/\/capfiscalmexico.com.mx\/dip-qro-tol-slp\/wp-json\/wp\/v2\/pages\/2\/revisions"}],"predecessor-version":[{"id":172,"href":"http:\/\/capfiscalmexico.com.mx\/dip-qro-tol-slp\/wp-json\/wp\/v2\/pages\/2\/revisions\/172"}],"wp:attachment":[{"href":"http:\/\/capfiscalmexico.com.mx\/dip-qro-tol-slp\/wp-json\/wp\/v2\/media?parent=2"}],"curies":[{"name":"wp","href":"https:\/\/api.w.org\/{rel}","templated":true}]}}