{"id":72,"date":"2024-10-12T18:54:22","date_gmt":"2024-10-13T00:54:22","guid":{"rendered":"http:\/\/capfiscalmexico.com.mx\/dip-tij-mex-ens\/?page_id=72"},"modified":"2025-12-22T20:53:05","modified_gmt":"2025-12-23T02:53:05","slug":"ciudades","status":"publish","type":"page","link":"http:\/\/capfiscalmexico.com.mx\/dip-tij-mex-ens\/ciudades\/","title":{"rendered":"Ciudades"},"content":{"rendered":"\n<!DOCTYPE html>\n<html lang=\"es\">\n<head>\n    <meta charset=\"UTF-8\">\n    <meta name=\"viewport\" content=\"width=device-width, initial-scale=1.0\">\n    <title>CIUDADES<\/title>\n    <style>\n        body {\n            margin: 0;\n            font-family: Arial, sans-serif;\n            background: #f0f0f0;\n        }\n        .container {\n            max-width: 100%;\n            margin: 0 auto;\n            padding: 20px;\n            color: white; \/* Asegura que el texto sea blanco *\/\n        }\n        .header {\n            text-align: justify;\n            padding: 5px 0;\n        }\n        .header img {\n            max-width: 50%;\n            height: auto;\n        }\n        .content {\n            text-align: center;\n            padding: 20px;\n            margin: 20px 0;\n        }\n        .content h2 {\n            margin-top: 0;\n            border-bottom: 2px solid white; \/* L\u00ednea debajo de \"Fortin\" *\/\n            display: inline-block;\n            padding-bottom: 5px;\n            font-size: 48px;\n        }\n        .content h3 {\n            font-size: 24px;\n        }\n        .dates p {\n            margin: 5px 0;\n            font-size: 20px;\n        }\n        .map {\n            text-align: center;\n            margin: 20px 0;\n        }\n        .map iframe {\n            width: 90%;\n            height: 500px;\n            border: none;\n        }\n        @media (max-width: 768px) {\n            .header {\n                text-align: center;\n            }\n            .header img {\n            max-width: 90%;\n            height: auto;\n            }\n            .content h2 {\n                font-size: 42px;\n            }\n            .content h3 {\n                font-size: 21px;\n            }\n            .dates p {\n                font-size: 20px;\n            }\n            .map iframe {\n                height: 200px;\n            }\n        }\n    <\/style>\n<\/head>\n<body>\n    <div class=\"container\" style=\"background: url('https:\/\/capfiscalmexico.com.mx\/wp-content\/uploads\/2025\/12\/TIJUANA.png') no-repeat center center\/cover;\">\n        <div class=\"header\">\n            <img decoding=\"async\" src=\"https:\/\/capfiscalmexico.com.mx\/wp-content\/uploads\/2025\/12\/BANNER-TIJUANA.png\" alt=\"Tijuana 16 a 21 hras cupo limitado\">\n        <\/div>\n        <div class=\"content\">\n            <h2>Real Inn<\/h2>\n            <div class=\"dates\">\n                <p>ENERO: <strong style=\"color: #D2BB82;\">15*<\/strong>, 20, 27<\/p>\n                <p>FEBRERO: 03, 10, 17, 24<\/p>\n                <p>MARZO: 03, 10, <strong style=\"color: #D2BB82;\">23*<\/strong><\/p>\n            <\/div>\n            <h3>C\u00d3MO LLEGAR<\/h3>\n            <div class=\"map\">\n                <iframe src=\"https:\/\/www.google.com\/maps\/embed?pb=!1m18!1m12!1m3!1d3364.047520712081!2d-117.01907382377662!3d32.52487775329858!2m3!1f0!2f0!3f0!3m2!1i1024!2i768!4f13.1!3m3!1m2!1s0x80d9484446a4cc17%3A0x52f49dc4cbce8a57!2sReal%20Inn%20Tijuana!5e0!3m2!1ses!2smx!4v1722037103185!5m2!1ses!2smx\" allowfullscreen=\"1\" loading=\"lazy\"><\/iframe>\n            <\/div>\n            <h3>Av. Paseo De Los H\u00e9roes 9902<br>Zona R\u00edo, 22010<br>Tijuana, B.C.<\/h3>\n        <\/div>\n    <\/div>\n\n    <div class=\"container\" style=\"background: url('https:\/\/capfiscalmexico.com.mx\/wp-content\/uploads\/2025\/12\/\/MEXICALI.png') no-repeat center center\/cover;\">\n        <div class=\"header\">\n            <img decoding=\"async\" src=\"https:\/\/capfiscalmexico.com.mx\/wp-content\/uploads\/2025\/12\/BANNER-MEXICALI.png\" alt=\"Mexicali 16 a 21 hras cupo limitado\">\n        <\/div>\n        <div class=\"content\">\n            <h2>Fiesta Inn<\/h2>\n            <div class=\"dates\">\n                <p>ENERO: <strong style=\"color: #D2BB82;\">16*<\/strong>, 21, 28<\/p>\n                <p>FEBRERO: 04, 11, 18, 25<\/p>\n                <p>MARZO: 04, 11, <strong>24*<\/strong><\/p>\n            <\/div>\n            <h3>C\u00d3MO LLEGAR<\/h3>\n            <div class=\"map\">\n                <iframe src=\"https:\/\/www.google.com\/maps\/embed?pb=!1m18!1m12!1m3!1d3359.52132053141!2d-115.47188698099214!3d32.645568646439884!2m3!1f0!2f0!3f0!3m2!1i1024!2i768!4f13.1!3m3!1m2!1s0x80d77087d0cc72b1%3A0x9740ea68bd0eab3!2sFiesta%20Inn%20Mexicali!5e0!3m2!1ses!2smx!4v1722280309823!5m2!1ses!2smx\" allowfullscreen=\"\" loading=\"lazy\"><\/iframe>\n            <\/div>\n            <h3>Blvd. Adolfo L\u00f3pez Mateo 1029<br>Industrial Centro C\u00edvico, Mexicali, B. C.<\/h3>\n        <\/div>\n    <\/div>\n\n\n\n    <div class=\"container\" style=\"background: url('https:\/\/capfiscalmexico.com.mx\/wp-content\/uploads\/2025\/12\/ENSENADA.png') no-repeat center center\/cover;\">\n        <div class=\"header\">\n            <img decoding=\"async\" src=\"https:\/\/capfiscalmexico.com.mx\/wp-content\/uploads\/2025\/12\/BANNER-ENSENADA.png\" alt=\"Ensenada 16 a 21 hras cupo limitado\">\n        <\/div>\n        <div class=\"content\">\n            <h2>San Nicolas Hotel Y Casino<\/h2>\n            <div class=\"dates\">\n                <p>ENERO: <strong style=\"color: #D2BB82;\">17** (09 a 14 HRS)<\/strong>, 22, 29<\/p>\n                <p>FEBRERO: 05, 12, 19, 26<\/p>\n                <p>MARZO: 05, 12, <strong style=\"color: #D2BB82;\">25*<\/strong><\/p>\n            <\/div>\n            <h3>C\u00d3MO LLEGAR<\/h3>\n            <div class=\"map\">\n                <iframe src=\"https:\/\/www.google.com\/maps\/embed?pb=!1m18!1m12!1m3!1d3388.7701372608262!2d-116.6181691900112!3d31.85846968887838!2m3!1f0!2f0!3f0!3m2!1i1024!2i768!4f13.1!3m3!1m2!1s0x80d8927138f42055%3A0x2e02addd3549c976!2sSan%20Nicolas%20Hotel%20%26%20Casino!5e0!3m2!1ses!2smx!4v1722280458486!5m2!1ses!2smx\" allowfullscreen=\"\" loading=\"lazy\"><\/iframe>\n            <\/div>\n            <h3>Primera y Guadalupe S\/N<br>Zona Centro, Cultural y Deportiva. Z.C. 2288<br>Ensenada, Son.<\/h3>\n        <\/div>\n    <\/div>\n<\/body>\n<\/html>\n\n","protected":false},"excerpt":{"rendered":"<p>CIUDADES Real Inn ENERO: 15*, 20, 27 FEBRERO: 03, 10, 17, 24 MARZO: 03, 10, 23* C\u00d3MO LLEGAR Av. Paseo De Los H\u00e9roes 9902Zona R\u00edo, 22010Tijuana, B.C. Fiesta Inn ENERO: 16*, 21, 28 FEBRERO: 04, 11, 18, 25 MARZO: 04, 11, 24* C\u00d3MO LLEGAR Blvd. Adolfo L\u00f3pez Mateo 1029Industrial Centro C\u00edvico, Mexicali, B. C. San [&hellip;]<\/p>\n","protected":false},"author":1,"featured_media":0,"parent":0,"menu_order":0,"comment_status":"closed","ping_status":"closed","template":"","meta":{"footnotes":""},"class_list":["post-72","page","type-page","status-publish","hentry"],"_links":{"self":[{"href":"http:\/\/capfiscalmexico.com.mx\/dip-tij-mex-ens\/wp-json\/wp\/v2\/pages\/72","targetHints":{"allow":["GET"]}}],"collection":[{"href":"http:\/\/capfiscalmexico.com.mx\/dip-tij-mex-ens\/wp-json\/wp\/v2\/pages"}],"about":[{"href":"http:\/\/capfiscalmexico.com.mx\/dip-tij-mex-ens\/wp-json\/wp\/v2\/types\/page"}],"author":[{"embeddable":true,"href":"http:\/\/capfiscalmexico.com.mx\/dip-tij-mex-ens\/wp-json\/wp\/v2\/users\/1"}],"replies":[{"embeddable":true,"href":"http:\/\/capfiscalmexico.com.mx\/dip-tij-mex-ens\/wp-json\/wp\/v2\/comments?post=72"}],"version-history":[{"count":5,"href":"http:\/\/capfiscalmexico.com.mx\/dip-tij-mex-ens\/wp-json\/wp\/v2\/pages\/72\/revisions"}],"predecessor-version":[{"id":166,"href":"http:\/\/capfiscalmexico.com.mx\/dip-tij-mex-ens\/wp-json\/wp\/v2\/pages\/72\/revisions\/166"}],"wp:attachment":[{"href":"http:\/\/capfiscalmexico.com.mx\/dip-tij-mex-ens\/wp-json\/wp\/v2\/media?parent=72"}],"curies":[{"name":"wp","href":"https:\/\/api.w.org\/{rel}","templated":true}]}}