{"id":2,"date":"2024-11-28T19:59:07","date_gmt":"2024-11-28T19:59:07","guid":{"rendered":"http:\/\/capfiscalmexico.com.mx\/dip-vsa-ctz-ver\/?page_id=2"},"modified":"2025-12-03T23:01:03","modified_gmt":"2025-12-03T23:01:03","slug":"ciudades","status":"publish","type":"page","link":"http:\/\/capfiscalmexico.com.mx\/dip-vsa-ctz-ver\/ciudades\/","title":{"rendered":"Ciudades"},"content":{"rendered":"\n<!DOCTYPE html>\n<html lang=\"es\">\n\n<head>\n    <meta charset=\"UTF-8\">\n    <meta name=\"viewport\" content=\"width=device-width, initial-scale=1.0\">\n    <title>Ciudades<\/title>\n    <style>\n        body {\n            margin: 0;\n            font-family: Arial, sans-serif;\n            background: #000000;\n        }\n\n        .container {\n            max-width: 100%;\n            margin: 0 auto;\n            padding: 20px;\n            color: white;\n            \/* Asegura que el texto sea blanco *\/\n        }\n\n        .header {\n            text-align: justify;\n            padding: 5px 0;\n        }\n\n        .header img {\n            max-width: 50%;\n            height: auto;\n        }\n\n        .content {\n            display: flex;\n            justify-content: space-between;\n            align-items: stretch;\n            padding: 20px;\n            margin: 20px 0;\n            flex-wrap: wrap;\n            height: 100%;\n        }\n\n        .content .info,\n        .content .addr {\n            flex: 1;\n            padding: 10px;\n            box-sizing: border-box;\n        }\n\n        \/* Espaciado entre las secciones en dispositivos grandes *\/\n        .content .info {\n            text-align: center;\n            display: flex;\n            flex: 0 0 25%;\n            flex-direction: column;\n            justify-content: center;\n            align-items: center;\n            padding: 10px;\n            box-sizing: border-box;\n            max-height: 100%;\n        }\n\n        .content .addr {\n            text-align: center;\n            max-height: 100%;\n            display: flex;\n            flex-direction: column;\n            flex: 0 0 75%;\n        }\n\n        .content h2 {\n            margin-top: 0;\n            border-bottom: 2px solid white;\n            \/* L\u00ednea debajo de \"Fortin\" *\/\n            display: inline-block;\n            padding-bottom: 5px;\n            font-size: 60px;\n        }\n\n        .content h3 {\n            font-size: 24px;\n        }\n\n        .dates p {\n            margin: 5px 0;\n            font-size: 20px;\n        }\n\n        .map {\n            text-align: center;\n            margin: 20px 0;\n        }\n\n        .map iframe {\n            width: 95%;\n            height: 600px;\n            border: none;\n        }\n\n        @media (max-width: 950px) {\n            .container {\n                padding: 0;\n                max-width: 100%;\n                margin: 0 auto;\n            }\n\n            .header {\n                text-align: center;\n            }\n\n            .header img {\n                max-width: 90%;\n                height: auto;\n                margin: 0 auto;\n                display: block;\n            }\n\n            .content {\n                display: flex;\n                flex-direction: column;\n                max-width: 100%;\n                height: auto;\n                padding: 1%;\n                margin: 0 auto;\n            }\n\n            .content .info,\n            .content .addr {\n                width: 100%;\n                margin: 0 auto;\n                text-align: center;\n            }\n\n            .content h2 {\n                font-size: 38px;\n            }\n\n            .content h3 {\n                font-size: 17px;\n            }\n\n            .dates p {\n                font-size: 16px;\n            }\n\n            .map iframe {\n                height: 600px;\n                width: 100%;\n            }\n        }\n    <\/style>\n<\/head>\n\n<body>\n    <div class=\"container\"\n        style=\"background: url('http:\/\/capfiscalmexico.com.mx\/wp-content\/uploads\/2025\/12\/VILLAHERMOSA-scaled.jpg') no-repeat center center\/cover;\">\n        <div class=\"header\">\n            <img decoding=\"async\" src=\"http:\/\/capfiscalmexico.com.mx\/wp-content\/uploads\/2025\/12\/BANNER-VILLAHERMOSA.png\"\n                alt=\"Villahermosa 16 a 21 hras cupo limitado\">\n        <\/div>\n        <div class=\"content\">\n            <div class=\"info\">\n                <h2>Quinta Ed\u00e9n<\/h2>\n                <div class=\"dates\">\n                    <p>ENERO: 13, 20, 27<\/p>\n                    <p>FEBRERO: 03, 10, 17, 24<\/p>\n                    <p>MARZO: 03, 10, 24<\/p>\n                <\/div>\n            <\/div>\n            <div class=\"addr\">\n                <h3>C\u00d3MO LLEGAR<\/h3>\n                <div class=\"map\">\n                    <iframe\n                        src=\"https:\/\/www.google.com\/maps\/embed?pb=!1m18!1m12!1m3!1d3794.5207868795137!2d-92.95895692421135!3d18.001018884836924!2m3!1f0!2f0!3f0!3m2!1i1024!2i768!4f13.1!3m3!1m2!1s0x85edd7953f298271%3A0x5f675fdc0d929f97!2sQuinta%20Ed%C3%A9n%20Villahermosa!5e0!3m2!1ses!2smx!4v1733773680228!5m2!1ses!2smx\"\n                        allowfullscreen=\"\" loading=\"lazy\"><\/iframe>\n                <\/div>\n            <\/div>\n        <\/div>\n    <\/div>\n\n    <div class=\"container\"\n        style=\"background: url('http:\/\/capfiscalmexico.com.mx\/wp-content\/uploads\/2025\/12\/COATZACOALCOS-scaled.jpg') no-repeat center center\/cover;\">\n        <div class=\"header\">\n            <img decoding=\"async\" src=\"http:\/\/capfiscalmexico.com.mx\/wp-content\/uploads\/2025\/12\/BANNER-COATZACOALCOS.png\"\n                alt=\"Coatzacoalcos 16 a 21 hras cupo limitado\">\n        <\/div>\n        <div class=\"content\">\n            <div class=\"info\">\n                <h2>Fiesta Inn<\/h2>\n                <div class=\"dates\">\n                    <p>ENERO: 14, 21, 28<\/p>\n                    <p>FEBRERO: 04, 11, 18, 25<\/p>\n                    <p>MARZO: 04, 11, 25<\/p>\n                <\/div>\n            <\/div>\n            <div class=\"addr\">\n                <h3>C\u00d3MO LLEGAR<\/h3>\n                <div class=\"map\">\n                    <iframe\n                        src=\"https:\/\/www.google.com\/maps\/embed?pb=!1m14!1m8!1m3!1d3791.3061198239766!2d-94.48240329859331!3d18.149806894310196!3m2!1i1024!2i768!4f13.1!3m3!1m2!1s0x85d7f863f5e10517%3A0x495dced32dfee8ad!2sFiesta%20Inn%20Coatzacoalcos!5e0!3m2!1ses!2smx!4v1764802572885!5m2!1ses!2smx\"\n                        allowfullscreen=\"\" loading=\"lazy\"><\/iframe>\n                <\/div>\n            <\/div>\n        <\/div>\n    <\/div>\n\n    <div class=\"container\"\n        style=\"background: url('http:\/\/capfiscalmexico.com.mx\/wp-content\/uploads\/2025\/12\/VERACRUZ-scaled.jpg') no-repeat center center\/cover;\">\n        <div class=\"header\">\n            <img decoding=\"async\" src=\"http:\/\/capfiscalmexico.com.mx\/wp-content\/uploads\/2025\/12\/BANNER-VERACRUZ.png\"\n                alt=\"Veracruz 16 a 21 hras cupo limitado\">\n        <\/div>\n        <div class=\"content\">\n            <div class=\"info\">\n                <h2>Double Tree By Hilton<\/h2>\n                <div class=\"dates\">\n                    <p>ENERO: 15, 22, 29<\/p>\n                    <p>FEBRERO: 05, 12, 19, 26<\/p>\n                    <p>MARZO: 05, 12, 26<\/p>\n                <\/div>\n            <\/div>\n            <div class=\"addr\">\n                <h3>C\u00d3MO LLEGAR<\/h3>\n                <div class=\"map\">\n                    <iframe\n                        src=\"https:\/\/www.google.com\/maps\/embed?pb=!1m18!1m12!1m3!1d3768.0226131452664!2d-96.12877442419177!3d19.194214648249584!2m3!1f0!2f0!3f0!3m2!1i1024!2i768!4f13.1!3m3!1m2!1s0x85c346c60a8c62ed%3A0xa6300c6bf6057d5f!2sDoubleTree%20by%20Hilton%20Hotel%20Veracruz!5e0!3m2!1ses!2smx!4v1733774091792!5m2!1ses!2smx\"\n                        allowfullscreen=\"\" loading=\"lazy\"><\/iframe>\n                <\/div>\n            <\/div>\n        <\/div>\n    <\/div>\n<\/body>\n\n<\/html>\n","protected":false},"excerpt":{"rendered":"<p>Ciudades Quinta Ed\u00e9n ENERO: 13, 20, 27 FEBRERO: 03, 10, 17, 24 MARZO: 03, 10, 24 C\u00d3MO LLEGAR Fiesta Inn ENERO: 14, 21, 28 FEBRERO: 04, 11, 18, 25 MARZO: 04, 11, 25 C\u00d3MO LLEGAR Double Tree By Hilton ENERO: 15, 22, 29 FEBRERO: 05, 12, 19, 26 MARZO: 05, 12, 26 C\u00d3MO LLEGAR<\/p>\n","protected":false},"author":1,"featured_media":0,"parent":0,"menu_order":0,"comment_status":"closed","ping_status":"closed","template":"","meta":{"footnotes":""},"class_list":["post-2","page","type-page","status-publish","hentry"],"_links":{"self":[{"href":"http:\/\/capfiscalmexico.com.mx\/dip-vsa-ctz-ver\/wp-json\/wp\/v2\/pages\/2","targetHints":{"allow":["GET"]}}],"collection":[{"href":"http:\/\/capfiscalmexico.com.mx\/dip-vsa-ctz-ver\/wp-json\/wp\/v2\/pages"}],"about":[{"href":"http:\/\/capfiscalmexico.com.mx\/dip-vsa-ctz-ver\/wp-json\/wp\/v2\/types\/page"}],"author":[{"embeddable":true,"href":"http:\/\/capfiscalmexico.com.mx\/dip-vsa-ctz-ver\/wp-json\/wp\/v2\/users\/1"}],"replies":[{"embeddable":true,"href":"http:\/\/capfiscalmexico.com.mx\/dip-vsa-ctz-ver\/wp-json\/wp\/v2\/comments?post=2"}],"version-history":[{"count":6,"href":"http:\/\/capfiscalmexico.com.mx\/dip-vsa-ctz-ver\/wp-json\/wp\/v2\/pages\/2\/revisions"}],"predecessor-version":[{"id":201,"href":"http:\/\/capfiscalmexico.com.mx\/dip-vsa-ctz-ver\/wp-json\/wp\/v2\/pages\/2\/revisions\/201"}],"wp:attachment":[{"href":"http:\/\/capfiscalmexico.com.mx\/dip-vsa-ctz-ver\/wp-json\/wp\/v2\/media?parent=2"}],"curies":[{"name":"wp","href":"https:\/\/api.w.org\/{rel}","templated":true}]}}